{"id":16933,"date":"2025-03-28T16:13:30","date_gmt":"2025-03-28T21:13:30","guid":{"rendered":"https:\/\/www.cadena.com.co\/?page_id=16933"},"modified":"2025-03-28T17:21:03","modified_gmt":"2025-03-28T22:21:03","slug":"test-infografias","status":"publish","type":"page","link":"https:\/\/www.cadena.com.co\/en\/test-infografias\/","title":{"rendered":"test infografias"},"content":{"rendered":"\t\t<div data-elementor-type=\"wp-page\" data-elementor-id=\"16933\" class=\"elementor elementor-16933\" data-elementor-post-type=\"page\">\n\t\t\t\t<div class=\"elementor-element elementor-element-44e6dd4 e-flex e-con-boxed e-con e-parent\" data-id=\"44e6dd4\" data-element_type=\"container\" data-e-type=\"container\" data-settings=\"{&quot;jet_parallax_layout_list&quot;:[]}\">\n\t\t\t\t\t<div class=\"e-con-inner\">\n\t\t\t\t<div class=\"elementor-element elementor-element-d1bce24 elementor-grid-3 elementor-grid-tablet-2 elementor-grid-mobile-1 elementor-widget elementor-widget-loop-grid\" data-id=\"d1bce24\" data-element_type=\"widget\" data-e-type=\"widget\" data-settings=\"{&quot;template_id&quot;:&quot;16913&quot;,&quot;pagination_type&quot;:&quot;load_more_on_click&quot;,&quot;_skin&quot;:&quot;post&quot;,&quot;columns&quot;:&quot;3&quot;,&quot;columns_tablet&quot;:&quot;2&quot;,&quot;columns_mobile&quot;:&quot;1&quot;,&quot;edit_handle_selector&quot;:&quot;[data-elementor-type=\\&quot;loop-item\\&quot;]&quot;,&quot;load_more_spinner&quot;:{&quot;value&quot;:&quot;fas fa-spinner&quot;,&quot;library&quot;:&quot;fa-solid&quot;},&quot;row_gap&quot;:{&quot;unit&quot;:&quot;px&quot;,&quot;size&quot;:&quot;&quot;,&quot;sizes&quot;:[]},&quot;row_gap_laptop&quot;:{&quot;unit&quot;:&quot;px&quot;,&quot;size&quot;:&quot;&quot;,&quot;sizes&quot;:[]},&quot;row_gap_tablet_extra&quot;:{&quot;unit&quot;:&quot;px&quot;,&quot;size&quot;:&quot;&quot;,&quot;sizes&quot;:[]},&quot;row_gap_tablet&quot;:{&quot;unit&quot;:&quot;px&quot;,&quot;size&quot;:&quot;&quot;,&quot;sizes&quot;:[]},&quot;row_gap_mobile_extra&quot;:{&quot;unit&quot;:&quot;px&quot;,&quot;size&quot;:&quot;&quot;,&quot;sizes&quot;:[]},&quot;row_gap_mobile&quot;:{&quot;unit&quot;:&quot;px&quot;,&quot;size&quot;:&quot;&quot;,&quot;sizes&quot;:[]}}\" data-widget_type=\"loop-grid.post\">\n\t\t\t\t<div class=\"elementor-widget-container\">\n\t\t\t\t\t\t\t<div class=\"elementor-loop-container elementor-grid\" role=\"list\">\n\t\t<style id=\"loop-16913\">.elementor-16913 .elementor-element.elementor-element-e0587ac{--display:flex;--flex-direction:column;--container-widget-width:calc( ( 1 - var( --container-widget-flex-grow ) ) * 100% );--container-widget-height:initial;--container-widget-flex-grow:0;--container-widget-align-self:initial;--flex-wrap-mobile:wrap;--align-items:center;--gap:0px 0px;--row-gap:0px;--column-gap:0px;}.elementor-widget-image-box .elementor-image-box-title{color:var( --e-global-color-primary );}.elementor-widget-image-box:has(:hover) .elementor-image-box-title,\n\t\t\t\t\t .elementor-widget-image-box:has(:focus) .elementor-image-box-title{color:var( --e-global-color-primary );}.elementor-widget-image-box .elementor-image-box-description{color:var( --e-global-color-text );}.elementor-16913 .elementor-element.elementor-element-2230754.elementor-position-right .elementor-image-box-img{margin-left:15px;}.elementor-16913 .elementor-element.elementor-element-2230754.elementor-position-left .elementor-image-box-img{margin-right:15px;}.elementor-16913 .elementor-element.elementor-element-2230754.elementor-position-top .elementor-image-box-img{margin-bottom:15px;}.elementor-16913 .elementor-element.elementor-element-2230754 .elementor-image-box-img img{border-radius:16px;transition-duration:0.3s;}.elementor-16913 .elementor-element.elementor-element-2230754 .elementor-image-box-title{font-family:var( --e-global-typography-c3ee3e6-font-family ), Sans-serif;font-size:var( --e-global-typography-c3ee3e6-font-size );font-weight:var( --e-global-typography-c3ee3e6-font-weight );line-height:var( --e-global-typography-c3ee3e6-line-height );letter-spacing:var( --e-global-typography-c3ee3e6-letter-spacing );word-spacing:var( --e-global-typography-c3ee3e6-word-spacing );}.elementor-16913 .elementor-element.elementor-element-2230754 .elementor-image-box-description{font-family:var( --e-global-typography-72a5cf6-font-family ), Sans-serif;font-size:var( --e-global-typography-72a5cf6-font-size );font-weight:var( --e-global-typography-72a5cf6-font-weight );line-height:var( --e-global-typography-72a5cf6-line-height );letter-spacing:var( --e-global-typography-72a5cf6-letter-spacing );word-spacing:var( --e-global-typography-72a5cf6-word-spacing );}.elementor-16913 .elementor-element.elementor-element-2230754 > .elementor-widget-container{padding:1rem 1rem 1rem 1rem;border-style:solid;border-width:1px 1px 1px 1px;border-color:var( --e-global-color-44b4a30 );border-radius:16px 16px 16px 16px;box-shadow:0px 10px 10px -10px rgba(0, 0, 0, 0.15);}.elementor-16913 .elementor-element.elementor-element-2230754{width:var( --container-widget-width, 100% );max-width:100%;--container-widget-width:100%;--container-widget-flex-grow:0;}.elementor-16913 .elementor-element.elementor-element-2230754:hover .elementor-widget-container{box-shadow:0px 10px 10px -10px rgba(0,0,0,0.5);}@media(min-width:768px){.elementor-16913 .elementor-element.elementor-element-e0587ac{--content-width:100%;}}@media(max-width:1366px){.elementor-16913 .elementor-element.elementor-element-2230754 .elementor-image-box-title{font-size:var( --e-global-typography-c3ee3e6-font-size );line-height:var( --e-global-typography-c3ee3e6-line-height );letter-spacing:var( --e-global-typography-c3ee3e6-letter-spacing );word-spacing:var( --e-global-typography-c3ee3e6-word-spacing );}.elementor-16913 .elementor-element.elementor-element-2230754 .elementor-image-box-description{font-size:var( --e-global-typography-72a5cf6-font-size );line-height:var( --e-global-typography-72a5cf6-line-height );letter-spacing:var( --e-global-typography-72a5cf6-letter-spacing );word-spacing:var( --e-global-typography-72a5cf6-word-spacing );}}@media(max-width:1024px){.elementor-16913 .elementor-element.elementor-element-2230754 .elementor-image-box-title{font-size:var( --e-global-typography-c3ee3e6-font-size );line-height:var( --e-global-typography-c3ee3e6-line-height );letter-spacing:var( --e-global-typography-c3ee3e6-letter-spacing );word-spacing:var( --e-global-typography-c3ee3e6-word-spacing );}.elementor-16913 .elementor-element.elementor-element-2230754 .elementor-image-box-description{font-size:var( --e-global-typography-72a5cf6-font-size );line-height:var( --e-global-typography-72a5cf6-line-height );letter-spacing:var( --e-global-typography-72a5cf6-letter-spacing );word-spacing:var( --e-global-typography-72a5cf6-word-spacing );}}@media(max-width:767px){.elementor-16913 .elementor-element.elementor-element-2230754 .elementor-image-box-img{margin-bottom:15px;}.elementor-16913 .elementor-element.elementor-element-2230754 .elementor-image-box-title{font-size:var( --e-global-typography-c3ee3e6-font-size );line-height:var( --e-global-typography-c3ee3e6-line-height );letter-spacing:var( --e-global-typography-c3ee3e6-letter-spacing );word-spacing:var( --e-global-typography-c3ee3e6-word-spacing );}.elementor-16913 .elementor-element.elementor-element-2230754 .elementor-image-box-description{font-size:var( --e-global-typography-72a5cf6-font-size );line-height:var( --e-global-typography-72a5cf6-line-height );letter-spacing:var( --e-global-typography-72a5cf6-letter-spacing );word-spacing:var( --e-global-typography-72a5cf6-word-spacing );}.elementor-16913 .elementor-element.elementor-element-2230754{--container-widget-width:100%;--container-widget-flex-grow:0;width:var( --container-widget-width, 100% );max-width:100%;}}<\/style>\t\t<div data-elementor-type=\"loop-item\" data-elementor-id=\"16913\" class=\"elementor elementor-16913 e-loop-item e-loop-item-18272 post-18272 infografias-cadena type-infografias-cadena status-publish has-post-thumbnail hentry\" data-elementor-post-type=\"elementor_library\" data-custom-edit-handle=\"1\">\n\t\t\t<div class=\"elementor-element elementor-element-e0587ac e-flex e-con-boxed e-con e-parent\" data-id=\"e0587ac\" data-element_type=\"container\" data-e-type=\"container\" id=\"contenedor-infografias\" data-settings=\"{&quot;jet_parallax_layout_list&quot;:[]}\">\n\t\t\t\t\t<div class=\"e-con-inner\">\n\t\t\t\t<div class=\"elementor-element elementor-element-2230754 elementor-widget__width-initial elementor-position-top elementor-widget elementor-widget-image-box\" data-id=\"2230754\" data-element_type=\"widget\" data-e-type=\"widget\" data-widget_type=\"image-box.default\">\n\t\t\t\t<div class=\"elementor-widget-container\">\n\t\t\t\t\t<div class=\"elementor-image-box-wrapper\"><figure class=\"elementor-image-box-img\"><a href=\"https:\/\/www.cadena.com.co\/wp-content\/uploads\/Infografia-\u2013-Sector-Minero.pdf\" target=\"_blank\" tabindex=\"-1\"><img fetchpriority=\"high\" decoding=\"async\" width=\"1050\" height=\"1050\" src=\"https:\/\/www.cadena.com.co\/wp-content\/uploads\/Icono-Infografia-Sector-Minero.png\" class=\"attachment-full size-full wp-image-18270\" alt=\"\" srcset=\"https:\/\/www.cadena.com.co\/wp-content\/uploads\/Icono-Infografia-Sector-Minero.png 1050w, https:\/\/www.cadena.com.co\/wp-content\/uploads\/Icono-Infografia-Sector-Minero-600x600.png 600w, https:\/\/www.cadena.com.co\/wp-content\/uploads\/Icono-Infografia-Sector-Minero-200x200.png 200w, https:\/\/www.cadena.com.co\/wp-content\/uploads\/Icono-Infografia-Sector-Minero-768x768.png 768w, https:\/\/www.cadena.com.co\/wp-content\/uploads\/Icono-Infografia-Sector-Minero-12x12.png 12w\" sizes=\"(max-width: 1050px) 100vw, 1050px\" \/><\/a><\/figure><div class=\"elementor-image-box-content\"><h3 class=\"elementor-image-box-title\"><a href=\"https:\/\/www.cadena.com.co\/wp-content\/uploads\/Infografia-\u2013-Sector-Minero.pdf\" target=\"_blank\">Cumple con la norma sin detener la operaci\u00f3n<\/a><\/h3><p class=\"elementor-image-box-description\"><p>En un sector tan regulado, un error puede costar caro. Descubre c\u00f3mo verificar masivamente a empleados, proveedores y aliados de forma r\u00e1pida y segura, asegurando el cumplimiento normativo y la continuidad de la operaci\u00f3n.<\/p>\n<\/p><\/div><\/div>\t\t\t\t<\/div>\n\t\t\t\t<\/div>\n\t\t\t\t\t<\/div>\n\t\t\t\t<\/div>\n\t\t\t\t<\/div>\n\t\t\t\t<div data-elementor-type=\"loop-item\" data-elementor-id=\"16913\" class=\"elementor elementor-16913 e-loop-item e-loop-item-18266 post-18266 infografias-cadena type-infografias-cadena status-publish has-post-thumbnail hentry\" data-elementor-post-type=\"elementor_library\" data-custom-edit-handle=\"1\">\n\t\t\t<div class=\"elementor-element elementor-element-e0587ac e-flex e-con-boxed e-con e-parent\" data-id=\"e0587ac\" data-element_type=\"container\" data-e-type=\"container\" id=\"contenedor-infografias\" data-settings=\"{&quot;jet_parallax_layout_list&quot;:[]}\">\n\t\t\t\t\t<div class=\"e-con-inner\">\n\t\t\t\t<div class=\"elementor-element elementor-element-2230754 elementor-widget__width-initial elementor-position-top elementor-widget elementor-widget-image-box\" data-id=\"2230754\" data-element_type=\"widget\" data-e-type=\"widget\" data-widget_type=\"image-box.default\">\n\t\t\t\t<div class=\"elementor-widget-container\">\n\t\t\t\t\t<div class=\"elementor-image-box-wrapper\"><figure class=\"elementor-image-box-img\"><a href=\"https:\/\/www.cadena.com.co\/wp-content\/uploads\/Infografia-\u2013-Sector-Construccion-e-Inmobiliario.pdf\" target=\"_blank\" tabindex=\"-1\"><img decoding=\"async\" width=\"1050\" height=\"1050\" src=\"https:\/\/www.cadena.com.co\/wp-content\/uploads\/Icono-infografia-LAFT_sector-construccion.png\" class=\"attachment-full size-full wp-image-18267\" alt=\"\" srcset=\"https:\/\/www.cadena.com.co\/wp-content\/uploads\/Icono-infografia-LAFT_sector-construccion.png 1050w, https:\/\/www.cadena.com.co\/wp-content\/uploads\/Icono-infografia-LAFT_sector-construccion-600x600.png 600w, https:\/\/www.cadena.com.co\/wp-content\/uploads\/Icono-infografia-LAFT_sector-construccion-200x200.png 200w, https:\/\/www.cadena.com.co\/wp-content\/uploads\/Icono-infografia-LAFT_sector-construccion-768x768.png 768w, https:\/\/www.cadena.com.co\/wp-content\/uploads\/Icono-infografia-LAFT_sector-construccion-12x12.png 12w\" sizes=\"(max-width: 1050px) 100vw, 1050px\" \/><\/a><\/figure><div class=\"elementor-image-box-content\"><h3 class=\"elementor-image-box-title\"><a href=\"https:\/\/www.cadena.com.co\/wp-content\/uploads\/Infografia-\u2013-Sector-Construccion-e-Inmobiliario.pdf\" target=\"_blank\">Cumple con SARLAFT e impulsa tus proyectos<\/a><\/h3><p class=\"elementor-image-box-description\"><p>Gestionar cientos de proveedores y contratistas no tiene por qu\u00e9 ser una pesadilla. Conoce c\u00f3mo la automatizaci\u00f3n de verificaciones en listas restrictivas te ayuda a cumplir con SARLAFT y mantener tus proyectos en marcha, sin frenar la operaci\u00f3n.<\/p>\n<p>&nbsp;<\/p>\n<\/p><\/div><\/div>\t\t\t\t<\/div>\n\t\t\t\t<\/div>\n\t\t\t\t\t<\/div>\n\t\t\t\t<\/div>\n\t\t\t\t<\/div>\n\t\t\t\t<div data-elementor-type=\"loop-item\" data-elementor-id=\"16913\" class=\"elementor elementor-16913 e-loop-item e-loop-item-17343 post-17343 infografias-cadena type-infografias-cadena status-publish has-post-thumbnail hentry\" data-elementor-post-type=\"elementor_library\" data-custom-edit-handle=\"1\">\n\t\t\t<div class=\"elementor-element elementor-element-e0587ac e-flex e-con-boxed e-con e-parent\" data-id=\"e0587ac\" data-element_type=\"container\" data-e-type=\"container\" id=\"contenedor-infografias\" data-settings=\"{&quot;jet_parallax_layout_list&quot;:[]}\">\n\t\t\t\t\t<div class=\"e-con-inner\">\n\t\t\t\t<div class=\"elementor-element elementor-element-2230754 elementor-widget__width-initial elementor-position-top elementor-widget elementor-widget-image-box\" data-id=\"2230754\" data-element_type=\"widget\" data-e-type=\"widget\" data-widget_type=\"image-box.default\">\n\t\t\t\t<div class=\"elementor-widget-container\">\n\t\t\t\t\t<div class=\"elementor-image-box-wrapper\"><figure class=\"elementor-image-box-img\"><a href=\"https:\/\/www.cadena.com.co\/wp-content\/uploads\/Infografia-SARLAFT.pdf\" target=\"_blank\" tabindex=\"-1\"><img decoding=\"async\" width=\"1050\" height=\"1050\" src=\"https:\/\/www.cadena.com.co\/wp-content\/uploads\/Infografia-SARLAFT-sector-transporte_Mesa-de-trabajo-1.jpg\" class=\"attachment-full size-full wp-image-17345\" alt=\"\" srcset=\"https:\/\/www.cadena.com.co\/wp-content\/uploads\/Infografia-SARLAFT-sector-transporte_Mesa-de-trabajo-1.jpg 1050w, https:\/\/www.cadena.com.co\/wp-content\/uploads\/Infografia-SARLAFT-sector-transporte_Mesa-de-trabajo-1-600x600.jpg 600w, https:\/\/www.cadena.com.co\/wp-content\/uploads\/Infografia-SARLAFT-sector-transporte_Mesa-de-trabajo-1-200x200.jpg 200w, https:\/\/www.cadena.com.co\/wp-content\/uploads\/Infografia-SARLAFT-sector-transporte_Mesa-de-trabajo-1-768x768.jpg 768w, https:\/\/www.cadena.com.co\/wp-content\/uploads\/Infografia-SARLAFT-sector-transporte_Mesa-de-trabajo-1-12x12.jpg 12w\" sizes=\"(max-width: 1050px) 100vw, 1050px\" \/><\/a><\/figure><div class=\"elementor-image-box-content\"><h3 class=\"elementor-image-box-title\"><a href=\"https:\/\/www.cadena.com.co\/wp-content\/uploads\/Infografia-SARLAFT.pdf\" target=\"_blank\">Sarlaft para empresas de transporte<\/a><\/h3><p class=\"elementor-image-box-description\"><p>Las empresas del sector transporte deben implementar un sistema eficiente para la prevenci\u00f3n de riesgos relacionados con el lavado de activos. Conoce qui\u00e9nes son los obligados y qu\u00e9 deben hacer para cumplir.<\/p>\n<\/p><\/div><\/div>\t\t\t\t<\/div>\n\t\t\t\t<\/div>\n\t\t\t\t\t<\/div>\n\t\t\t\t<\/div>\n\t\t\t\t<\/div>\n\t\t\t\t<\/div>\n\t\t\t\t\t<span class=\"e-load-more-spinner\">\n\t\t\t\t<svg aria-hidden=\"true\" class=\"e-font-icon-svg e-fas-spinner\" viewBox=\"0 0 512 512\" xmlns=\"http:\/\/www.w3.org\/2000\/svg\"><path d=\"M304 48c0 26.51-21.49 48-48 48s-48-21.49-48-48 21.49-48 48-48 48 21.49 48 48zm-48 368c-26.51 0-48 21.49-48 48s21.49 48 48 48 48-21.49 48-48-21.49-48-48-48zm208-208c-26.51 0-48 21.49-48 48s21.49 48 48 48 48-21.49 48-48-21.49-48-48-48zM96 256c0-26.51-21.49-48-48-48S0 229.49 0 256s21.49 48 48 48 48-21.49 48-48zm12.922 99.078c-26.51 0-48 21.49-48 48s21.49 48 48 48 48-21.49 48-48c0-26.509-21.491-48-48-48zm294.156 0c-26.51 0-48 21.49-48 48s21.49 48 48 48 48-21.49 48-48c0-26.509-21.49-48-48-48zM108.922 60.922c-26.51 0-48 21.49-48 48s21.49 48 48 48 48-21.49 48-48-21.491-48-48-48z\"><\/path><\/svg>\t\t\t<\/span>\n\t\t\n\t\t\t\t<div class=\"e-load-more-anchor\" data-page=\"1\" data-max-page=\"8\" data-next-page=\"https:\/\/www.cadena.com.co\/en\/wp-json\/wp\/v2\/pages\/16933\/page\/2\/\"><\/div>\n\t\t\t\t<div class=\"e-loop__load-more elementor-button-wrapper\">\n\t\t\t<a class=\"elementor-button elementor-size-sm\" role=\"button\">\n\t\t\t\t\t\t<span class=\"elementor-button-content-wrapper\">\n\t\t\t\t\t\t\t\t\t<span class=\"elementor-button-text\">Cargar Mas<\/span>\n\t\t\t\t\t<\/span>\n\t\t\t\t\t<\/a>\n\t\t<\/div>\n\t\t\t\t<div class=\"e-load-more-message\"><\/div>\n\t\t\t\t\t\t<\/div>\n\t\t\t\t<\/div>\n\t\t\t\t\t<\/div>\n\t\t\t\t<\/div>\n\t\t\t\t<\/div>\n\t\t","protected":false},"excerpt":{"rendered":"","protected":false},"author":7,"featured_media":0,"parent":0,"menu_order":0,"comment_status":"closed","ping_status":"closed","template":"","meta":{"inline_featured_image":false,"footnotes":""},"class_list":["post-16933","page","type-page","status-publish","hentry"],"_links":{"self":[{"href":"https:\/\/www.cadena.com.co\/en\/wp-json\/wp\/v2\/pages\/16933","targetHints":{"allow":["GET"]}}],"collection":[{"href":"https:\/\/www.cadena.com.co\/en\/wp-json\/wp\/v2\/pages"}],"about":[{"href":"https:\/\/www.cadena.com.co\/en\/wp-json\/wp\/v2\/types\/page"}],"author":[{"embeddable":true,"href":"https:\/\/www.cadena.com.co\/en\/wp-json\/wp\/v2\/users\/7"}],"replies":[{"embeddable":true,"href":"https:\/\/www.cadena.com.co\/en\/wp-json\/wp\/v2\/comments?post=16933"}],"version-history":[{"count":7,"href":"https:\/\/www.cadena.com.co\/en\/wp-json\/wp\/v2\/pages\/16933\/revisions"}],"predecessor-version":[{"id":16980,"href":"https:\/\/www.cadena.com.co\/en\/wp-json\/wp\/v2\/pages\/16933\/revisions\/16980"}],"wp:attachment":[{"href":"https:\/\/www.cadena.com.co\/en\/wp-json\/wp\/v2\/media?parent=16933"}],"curies":[{"name":"wp","href":"https:\/\/api.w.org\/{rel}","templated":true}]}}